{"id":211,"date":"2023-08-18T14:02:32","date_gmt":"2023-08-18T12:02:32","guid":{"rendered":"https:\/\/shantibloom.com\/?page_id=211"},"modified":"2025-01-23T20:32:42","modified_gmt":"2025-01-23T19:32:42","slug":"boutique","status":"publish","type":"page","link":"https:\/\/shantibloom.com\/index.php\/boutique\/","title":{"rendered":"Boutique"},"content":{"rendered":"\n<p>Retrouvez <a href=\"http:\/\/shantibloom.sumupstore.com\">ma boutique<\/a> avec des malas (colliers pour la m\u00e9ditation) et des bracelets fabriqu\u00e9s par moi-m\u00eame avec amour&#8230;<\/p>\n\n\n\n<p>Voici un aper\u00e7u de mes r\u00e9alisations:<\/p>\n\n\n\n<figure class=\"wp-block-gallery has-nested-images columns-6 is-cropped wp-block-gallery-1 is-layout-flex wp-block-gallery-is-layout-flex\">\n<figure class=\"wp-block-image size-large\"><img fetchpriority=\"high\" decoding=\"async\" width=\"707\" height=\"1024\" data-id=\"248\" src=\"https:\/\/shantibloom.com\/wp-content\/uploads\/2023\/12\/IMG_1132-1-707x1024.jpg\" alt=\"\" class=\"wp-image-248\" srcset=\"https:\/\/shantibloom.com\/wp-content\/uploads\/2023\/12\/IMG_1132-1-707x1024.jpg 707w, https:\/\/shantibloom.com\/wp-content\/uploads\/2023\/12\/IMG_1132-1-207x300.jpg 207w, https:\/\/shantibloom.com\/wp-content\/uploads\/2023\/12\/IMG_1132-1-768x1113.jpg 768w, https:\/\/shantibloom.com\/wp-content\/uploads\/2023\/12\/IMG_1132-1-1060x1536.jpg 1060w, https:\/\/shantibloom.com\/wp-content\/uploads\/2023\/12\/IMG_1132-1-1413x2048.jpg 1413w, https:\/\/shantibloom.com\/wp-content\/uploads\/2023\/12\/IMG_1132-1-scaled.jpg 1766w\" sizes=\"(max-width: 707px) 100vw, 707px\" \/><\/figure>\n\n\n\n<figure class=\"wp-block-image size-large\"><img decoding=\"async\" width=\"738\" height=\"1024\" data-id=\"249\" src=\"https:\/\/shantibloom.com\/wp-content\/uploads\/2023\/12\/IMG_1138-1-738x1024.jpg\" alt=\"\" class=\"wp-image-249\" srcset=\"https:\/\/shantibloom.com\/wp-content\/uploads\/2023\/12\/IMG_1138-1-738x1024.jpg 738w, https:\/\/shantibloom.com\/wp-content\/uploads\/2023\/12\/IMG_1138-1-216x300.jpg 216w, https:\/\/shantibloom.com\/wp-content\/uploads\/2023\/12\/IMG_1138-1-768x1066.jpg 768w, https:\/\/shantibloom.com\/wp-content\/uploads\/2023\/12\/IMG_1138-1-1107x1536.jpg 1107w, https:\/\/shantibloom.com\/wp-content\/uploads\/2023\/12\/IMG_1138-1-1475x2048.jpg 1475w, https:\/\/shantibloom.com\/wp-content\/uploads\/2023\/12\/IMG_1138-1-scaled.jpg 1844w\" sizes=\"(max-width: 738px) 100vw, 738px\" \/><\/figure>\n\n\n\n<figure class=\"wp-block-image size-large\"><img decoding=\"async\" width=\"786\" height=\"1024\" data-id=\"250\" src=\"https:\/\/shantibloom.com\/wp-content\/uploads\/2023\/12\/IMG_1140-1-786x1024.jpg\" alt=\"\" class=\"wp-image-250\" srcset=\"https:\/\/shantibloom.com\/wp-content\/uploads\/2023\/12\/IMG_1140-1-786x1024.jpg 786w, https:\/\/shantibloom.com\/wp-content\/uploads\/2023\/12\/IMG_1140-1-230x300.jpg 230w, https:\/\/shantibloom.com\/wp-content\/uploads\/2023\/12\/IMG_1140-1-768x1001.jpg 768w, https:\/\/shantibloom.com\/wp-content\/uploads\/2023\/12\/IMG_1140-1-1179x1536.jpg 1179w, https:\/\/shantibloom.com\/wp-content\/uploads\/2023\/12\/IMG_1140-1-1572x2048.jpg 1572w, https:\/\/shantibloom.com\/wp-content\/uploads\/2023\/12\/IMG_1140-1-scaled.jpg 1965w\" sizes=\"(max-width: 786px) 100vw, 786px\" \/><\/figure>\n\n\n\n<figure class=\"wp-block-image size-large\"><img loading=\"lazy\" decoding=\"async\" width=\"684\" height=\"1024\" data-id=\"251\" src=\"https:\/\/shantibloom.com\/wp-content\/uploads\/2023\/12\/IMG_1142-1-684x1024.jpg\" alt=\"\" class=\"wp-image-251\" srcset=\"https:\/\/shantibloom.com\/wp-content\/uploads\/2023\/12\/IMG_1142-1-684x1024.jpg 684w, https:\/\/shantibloom.com\/wp-content\/uploads\/2023\/12\/IMG_1142-1-200x300.jpg 200w, https:\/\/shantibloom.com\/wp-content\/uploads\/2023\/12\/IMG_1142-1-768x1149.jpg 768w, https:\/\/shantibloom.com\/wp-content\/uploads\/2023\/12\/IMG_1142-1-1026x1536.jpg 1026w, https:\/\/shantibloom.com\/wp-content\/uploads\/2023\/12\/IMG_1142-1-1369x2048.jpg 1369w, https:\/\/shantibloom.com\/wp-content\/uploads\/2023\/12\/IMG_1142-1-scaled.jpg 1711w\" sizes=\"(max-width: 684px) 100vw, 684px\" \/><\/figure>\n\n\n\n<figure class=\"wp-block-image size-large\"><img loading=\"lazy\" decoding=\"async\" width=\"736\" height=\"1024\" data-id=\"252\" src=\"https:\/\/shantibloom.com\/wp-content\/uploads\/2023\/12\/IMG_1144-1-736x1024.jpg\" alt=\"\" class=\"wp-image-252\" srcset=\"https:\/\/shantibloom.com\/wp-content\/uploads\/2023\/12\/IMG_1144-1-736x1024.jpg 736w, https:\/\/shantibloom.com\/wp-content\/uploads\/2023\/12\/IMG_1144-1-216x300.jpg 216w, https:\/\/shantibloom.com\/wp-content\/uploads\/2023\/12\/IMG_1144-1-768x1069.jpg 768w, https:\/\/shantibloom.com\/wp-content\/uploads\/2023\/12\/IMG_1144-1-1104x1536.jpg 1104w, https:\/\/shantibloom.com\/wp-content\/uploads\/2023\/12\/IMG_1144-1-1471x2048.jpg 1471w, https:\/\/shantibloom.com\/wp-content\/uploads\/2023\/12\/IMG_1144-1-scaled.jpg 1839w\" sizes=\"(max-width: 736px) 100vw, 736px\" \/><\/figure>\n\n\n\n<figure class=\"wp-block-image size-large\"><img loading=\"lazy\" decoding=\"async\" width=\"876\" height=\"1024\" data-id=\"253\" src=\"https:\/\/shantibloom.com\/wp-content\/uploads\/2023\/12\/IMG_1150-1-876x1024.jpg\" alt=\"\" class=\"wp-image-253\" srcset=\"https:\/\/shantibloom.com\/wp-content\/uploads\/2023\/12\/IMG_1150-1-876x1024.jpg 876w, https:\/\/shantibloom.com\/wp-content\/uploads\/2023\/12\/IMG_1150-1-257x300.jpg 257w, https:\/\/shantibloom.com\/wp-content\/uploads\/2023\/12\/IMG_1150-1-768x898.jpg 768w, https:\/\/shantibloom.com\/wp-content\/uploads\/2023\/12\/IMG_1150-1-1314x1536.jpg 1314w, https:\/\/shantibloom.com\/wp-content\/uploads\/2023\/12\/IMG_1150-1-1752x2048.jpg 1752w\" sizes=\"(max-width: 876px) 100vw, 876px\" \/><\/figure>\n\n\n\n<figure class=\"wp-block-image size-large\"><img loading=\"lazy\" decoding=\"async\" width=\"594\" height=\"1024\" data-id=\"254\" src=\"https:\/\/shantibloom.com\/wp-content\/uploads\/2023\/12\/IMG_1155-1-594x1024.jpg\" alt=\"\" class=\"wp-image-254\" srcset=\"https:\/\/shantibloom.com\/wp-content\/uploads\/2023\/12\/IMG_1155-1-594x1024.jpg 594w, https:\/\/shantibloom.com\/wp-content\/uploads\/2023\/12\/IMG_1155-1-174x300.jpg 174w, https:\/\/shantibloom.com\/wp-content\/uploads\/2023\/12\/IMG_1155-1-768x1323.jpg 768w, https:\/\/shantibloom.com\/wp-content\/uploads\/2023\/12\/IMG_1155-1-892x1536.jpg 892w, https:\/\/shantibloom.com\/wp-content\/uploads\/2023\/12\/IMG_1155-1-1189x2048.jpg 1189w, https:\/\/shantibloom.com\/wp-content\/uploads\/2023\/12\/IMG_1155-1-scaled.jpg 1486w\" sizes=\"(max-width: 594px) 100vw, 594px\" \/><\/figure>\n\n\n\n<figure class=\"wp-block-image size-large\"><img loading=\"lazy\" decoding=\"async\" width=\"682\" height=\"1024\" data-id=\"235\" src=\"https:\/\/shantibloom.com\/wp-content\/uploads\/2023\/12\/IMG_1156-682x1024.jpg\" alt=\"\" class=\"wp-image-235\" srcset=\"https:\/\/shantibloom.com\/wp-content\/uploads\/2023\/12\/IMG_1156-682x1024.jpg 682w, https:\/\/shantibloom.com\/wp-content\/uploads\/2023\/12\/IMG_1156-200x300.jpg 200w, https:\/\/shantibloom.com\/wp-content\/uploads\/2023\/12\/IMG_1156-768x1154.jpg 768w, https:\/\/shantibloom.com\/wp-content\/uploads\/2023\/12\/IMG_1156-1023x1536.jpg 1023w, https:\/\/shantibloom.com\/wp-content\/uploads\/2023\/12\/IMG_1156-1363x2048.jpg 1363w, https:\/\/shantibloom.com\/wp-content\/uploads\/2023\/12\/IMG_1156-scaled.jpg 1704w\" sizes=\"(max-width: 682px) 100vw, 682px\" \/><\/figure>\n\n\n\n<figure class=\"wp-block-image size-large\"><img loading=\"lazy\" decoding=\"async\" width=\"646\" height=\"1024\" data-id=\"234\" src=\"https:\/\/shantibloom.com\/wp-content\/uploads\/2023\/12\/IMG_1157-646x1024.jpg\" alt=\"\" class=\"wp-image-234\" srcset=\"https:\/\/shantibloom.com\/wp-content\/uploads\/2023\/12\/IMG_1157-646x1024.jpg 646w, https:\/\/shantibloom.com\/wp-content\/uploads\/2023\/12\/IMG_1157-189x300.jpg 189w, https:\/\/shantibloom.com\/wp-content\/uploads\/2023\/12\/IMG_1157-768x1217.jpg 768w, https:\/\/shantibloom.com\/wp-content\/uploads\/2023\/12\/IMG_1157-969x1536.jpg 969w, https:\/\/shantibloom.com\/wp-content\/uploads\/2023\/12\/IMG_1157-1292x2048.jpg 1292w, https:\/\/shantibloom.com\/wp-content\/uploads\/2023\/12\/IMG_1157-scaled.jpg 1615w\" sizes=\"(max-width: 646px) 100vw, 646px\" \/><\/figure>\n\n\n\n<figure class=\"wp-block-image size-large\"><img loading=\"lazy\" decoding=\"async\" width=\"802\" height=\"1024\" data-id=\"240\" src=\"https:\/\/shantibloom.com\/wp-content\/uploads\/2023\/12\/IMG_1158-802x1024.jpg\" alt=\"\" class=\"wp-image-240\" srcset=\"https:\/\/shantibloom.com\/wp-content\/uploads\/2023\/12\/IMG_1158-802x1024.jpg 802w, https:\/\/shantibloom.com\/wp-content\/uploads\/2023\/12\/IMG_1158-235x300.jpg 235w, https:\/\/shantibloom.com\/wp-content\/uploads\/2023\/12\/IMG_1158-768x981.jpg 768w, https:\/\/shantibloom.com\/wp-content\/uploads\/2023\/12\/IMG_1158-1203x1536.jpg 1203w, https:\/\/shantibloom.com\/wp-content\/uploads\/2023\/12\/IMG_1158-1604x2048.jpg 1604w, https:\/\/shantibloom.com\/wp-content\/uploads\/2023\/12\/IMG_1158-scaled.jpg 2005w\" sizes=\"(max-width: 802px) 100vw, 802px\" \/><\/figure>\n\n\n\n<figure class=\"wp-block-image size-large\"><img loading=\"lazy\" decoding=\"async\" width=\"778\" height=\"1024\" data-id=\"255\" src=\"https:\/\/shantibloom.com\/wp-content\/uploads\/2023\/12\/IMG_1159-1-778x1024.jpg\" alt=\"\" class=\"wp-image-255\" srcset=\"https:\/\/shantibloom.com\/wp-content\/uploads\/2023\/12\/IMG_1159-1-778x1024.jpg 778w, https:\/\/shantibloom.com\/wp-content\/uploads\/2023\/12\/IMG_1159-1-228x300.jpg 228w, https:\/\/shantibloom.com\/wp-content\/uploads\/2023\/12\/IMG_1159-1-768x1011.jpg 768w, https:\/\/shantibloom.com\/wp-content\/uploads\/2023\/12\/IMG_1159-1-1167x1536.jpg 1167w, https:\/\/shantibloom.com\/wp-content\/uploads\/2023\/12\/IMG_1159-1-1556x2048.jpg 1556w, https:\/\/shantibloom.com\/wp-content\/uploads\/2023\/12\/IMG_1159-1-scaled.jpg 1945w\" sizes=\"(max-width: 778px) 100vw, 778px\" \/><\/figure>\n\n\n\n<figure class=\"wp-block-image size-large\"><img loading=\"lazy\" decoding=\"async\" width=\"727\" height=\"1024\" data-id=\"232\" src=\"https:\/\/shantibloom.com\/wp-content\/uploads\/2023\/12\/IMG_1161-727x1024.jpg\" alt=\"\" class=\"wp-image-232\" srcset=\"https:\/\/shantibloom.com\/wp-content\/uploads\/2023\/12\/IMG_1161-727x1024.jpg 727w, https:\/\/shantibloom.com\/wp-content\/uploads\/2023\/12\/IMG_1161-213x300.jpg 213w, https:\/\/shantibloom.com\/wp-content\/uploads\/2023\/12\/IMG_1161-768x1081.jpg 768w, https:\/\/shantibloom.com\/wp-content\/uploads\/2023\/12\/IMG_1161-1091x1536.jpg 1091w, https:\/\/shantibloom.com\/wp-content\/uploads\/2023\/12\/IMG_1161-1455x2048.jpg 1455w, https:\/\/shantibloom.com\/wp-content\/uploads\/2023\/12\/IMG_1161-scaled.jpg 1819w\" sizes=\"(max-width: 727px) 100vw, 727px\" \/><\/figure>\n\n\n\n<figure class=\"wp-block-image size-large\"><img loading=\"lazy\" decoding=\"async\" width=\"700\" height=\"1024\" data-id=\"257\" src=\"https:\/\/shantibloom.com\/wp-content\/uploads\/2023\/12\/IMG_1163-1-700x1024.jpg\" alt=\"\" class=\"wp-image-257\" srcset=\"https:\/\/shantibloom.com\/wp-content\/uploads\/2023\/12\/IMG_1163-1-700x1024.jpg 700w, https:\/\/shantibloom.com\/wp-content\/uploads\/2023\/12\/IMG_1163-1-205x300.jpg 205w, https:\/\/shantibloom.com\/wp-content\/uploads\/2023\/12\/IMG_1163-1-768x1124.jpg 768w, https:\/\/shantibloom.com\/wp-content\/uploads\/2023\/12\/IMG_1163-1-1050x1536.jpg 1050w, https:\/\/shantibloom.com\/wp-content\/uploads\/2023\/12\/IMG_1163-1-1400x2048.jpg 1400w, https:\/\/shantibloom.com\/wp-content\/uploads\/2023\/12\/IMG_1163-1-scaled.jpg 1749w\" sizes=\"(max-width: 700px) 100vw, 700px\" \/><\/figure>\n\n\n\n<figure class=\"wp-block-image size-large\"><img decoding=\"async\" data-id=\"245\" src=\"https:\/\/shantibloom.com\/wp-content\/uploads\/2023\/12\/IMG_1173.jpg\" alt=\"\" class=\"wp-image-245\"\/><\/figure>\n\n\n\n<figure class=\"wp-block-image size-large\"><img loading=\"lazy\" decoding=\"async\" width=\"2047\" height=\"2560\" data-id=\"237\" src=\"https:\/\/shantibloom.com\/wp-content\/uploads\/2023\/12\/IMG_1175-scaled.jpg\" alt=\"\" class=\"wp-image-237\" srcset=\"https:\/\/shantibloom.com\/wp-content\/uploads\/2023\/12\/IMG_1175-scaled.jpg 2047w, https:\/\/shantibloom.com\/wp-content\/uploads\/2023\/12\/IMG_1175-240x300.jpg 240w\" sizes=\"(max-width: 2047px) 100vw, 2047px\" \/><\/figure>\n\n\n\n<figure class=\"wp-block-image size-large\"><img loading=\"lazy\" decoding=\"async\" width=\"1005\" height=\"1024\" data-id=\"243\" src=\"https:\/\/shantibloom.com\/wp-content\/uploads\/2023\/12\/IMG_1166-1005x1024.jpg\" alt=\"\" class=\"wp-image-243\" srcset=\"https:\/\/shantibloom.com\/wp-content\/uploads\/2023\/12\/IMG_1166-1005x1024.jpg 1005w, https:\/\/shantibloom.com\/wp-content\/uploads\/2023\/12\/IMG_1166-294x300.jpg 294w, https:\/\/shantibloom.com\/wp-content\/uploads\/2023\/12\/IMG_1166-768x782.jpg 768w, https:\/\/shantibloom.com\/wp-content\/uploads\/2023\/12\/IMG_1166-1508x1536.jpg 1508w, https:\/\/shantibloom.com\/wp-content\/uploads\/2023\/12\/IMG_1166-2010x2048.jpg 2010w\" sizes=\"(max-width: 1005px) 100vw, 1005px\" \/><\/figure>\n\n\n\n<figure class=\"wp-block-image size-large\"><img decoding=\"async\" data-id=\"231\" src=\"https:\/\/shantibloom.com\/wp-content\/uploads\/2023\/12\/IMG_1174.jpg\" alt=\"\" class=\"wp-image-231\"\/><\/figure>\n\n\n\n<figure class=\"wp-block-image size-large\"><img loading=\"lazy\" decoding=\"async\" width=\"944\" height=\"1024\" data-id=\"236\" src=\"https:\/\/shantibloom.com\/wp-content\/uploads\/2023\/12\/IMG_1168-944x1024.jpg\" alt=\"\" class=\"wp-image-236\" srcset=\"https:\/\/shantibloom.com\/wp-content\/uploads\/2023\/12\/IMG_1168-944x1024.jpg 944w, https:\/\/shantibloom.com\/wp-content\/uploads\/2023\/12\/IMG_1168-277x300.jpg 277w, https:\/\/shantibloom.com\/wp-content\/uploads\/2023\/12\/IMG_1168-768x833.jpg 768w, https:\/\/shantibloom.com\/wp-content\/uploads\/2023\/12\/IMG_1168-1416x1536.jpg 1416w, https:\/\/shantibloom.com\/wp-content\/uploads\/2023\/12\/IMG_1168-1888x2048.jpg 1888w\" sizes=\"(max-width: 944px) 100vw, 944px\" \/><\/figure>\n\n\n\n<figure class=\"wp-block-image size-large\"><img loading=\"lazy\" decoding=\"async\" width=\"775\" height=\"1024\" data-id=\"247\" src=\"https:\/\/shantibloom.com\/wp-content\/uploads\/2023\/12\/IMG_1169-775x1024.jpg\" alt=\"\" class=\"wp-image-247\" srcset=\"https:\/\/shantibloom.com\/wp-content\/uploads\/2023\/12\/IMG_1169-775x1024.jpg 775w, https:\/\/shantibloom.com\/wp-content\/uploads\/2023\/12\/IMG_1169-227x300.jpg 227w, https:\/\/shantibloom.com\/wp-content\/uploads\/2023\/12\/IMG_1169-768x1015.jpg 768w, https:\/\/shantibloom.com\/wp-content\/uploads\/2023\/12\/IMG_1169-1162x1536.jpg 1162w, https:\/\/shantibloom.com\/wp-content\/uploads\/2023\/12\/IMG_1169-1550x2048.jpg 1550w, https:\/\/shantibloom.com\/wp-content\/uploads\/2023\/12\/IMG_1169-scaled.jpg 1937w\" sizes=\"(max-width: 775px) 100vw, 775px\" \/><\/figure>\n\n\n\n<figure class=\"wp-block-image size-large\"><img decoding=\"async\" data-id=\"220\" src=\"https:\/\/shantibloom.com\/wp-content\/uploads\/2023\/12\/IMG_1165.jpg\" alt=\"\" class=\"wp-image-220\"\/><\/figure>\n\n\n\n<figure class=\"wp-block-image size-large\"><img loading=\"lazy\" decoding=\"async\" width=\"887\" height=\"1024\" data-id=\"238\" src=\"https:\/\/shantibloom.com\/wp-content\/uploads\/2023\/12\/IMG_1172-887x1024.jpg\" alt=\"\" class=\"wp-image-238\" srcset=\"https:\/\/shantibloom.com\/wp-content\/uploads\/2023\/12\/IMG_1172-887x1024.jpg 887w, https:\/\/shantibloom.com\/wp-content\/uploads\/2023\/12\/IMG_1172-260x300.jpg 260w, https:\/\/shantibloom.com\/wp-content\/uploads\/2023\/12\/IMG_1172-768x887.jpg 768w, https:\/\/shantibloom.com\/wp-content\/uploads\/2023\/12\/IMG_1172-1330x1536.jpg 1330w, https:\/\/shantibloom.com\/wp-content\/uploads\/2023\/12\/IMG_1172-1773x2048.jpg 1773w\" sizes=\"(max-width: 887px) 100vw, 887px\" \/><\/figure>\n\n\n\n<figure class=\"wp-block-image size-large\"><img loading=\"lazy\" decoding=\"async\" width=\"755\" height=\"1024\" data-id=\"242\" src=\"https:\/\/shantibloom.com\/wp-content\/uploads\/2023\/12\/IMG_1176-755x1024.jpg\" alt=\"\" class=\"wp-image-242\" srcset=\"https:\/\/shantibloom.com\/wp-content\/uploads\/2023\/12\/IMG_1176-755x1024.jpg 755w, https:\/\/shantibloom.com\/wp-content\/uploads\/2023\/12\/IMG_1176-221x300.jpg 221w, https:\/\/shantibloom.com\/wp-content\/uploads\/2023\/12\/IMG_1176-768x1042.jpg 768w, https:\/\/shantibloom.com\/wp-content\/uploads\/2023\/12\/IMG_1176-1132x1536.jpg 1132w, https:\/\/shantibloom.com\/wp-content\/uploads\/2023\/12\/IMG_1176-1510x2048.jpg 1510w, https:\/\/shantibloom.com\/wp-content\/uploads\/2023\/12\/IMG_1176-scaled.jpg 1887w\" sizes=\"(max-width: 755px) 100vw, 755px\" \/><\/figure>\n\n\n\n<figure class=\"wp-block-image size-full\"><img decoding=\"async\" data-id=\"224\" src=\"https:\/\/shantibloom.com\/wp-content\/uploads\/2023\/12\/IMG_1167.jpg\" alt=\"\" class=\"wp-image-224\"\/><\/figure>\n\n\n\n<figure class=\"wp-block-image size-large\"><img loading=\"lazy\" decoding=\"async\" width=\"915\" height=\"1024\" data-id=\"246\" src=\"https:\/\/shantibloom.com\/wp-content\/uploads\/2023\/12\/IMG_1180-915x1024.jpg\" alt=\"\" class=\"wp-image-246\" srcset=\"https:\/\/shantibloom.com\/wp-content\/uploads\/2023\/12\/IMG_1180-915x1024.jpg 915w, https:\/\/shantibloom.com\/wp-content\/uploads\/2023\/12\/IMG_1180-268x300.jpg 268w, https:\/\/shantibloom.com\/wp-content\/uploads\/2023\/12\/IMG_1180-768x860.jpg 768w, https:\/\/shantibloom.com\/wp-content\/uploads\/2023\/12\/IMG_1180-1372x1536.jpg 1372w, https:\/\/shantibloom.com\/wp-content\/uploads\/2023\/12\/IMG_1180-1829x2048.jpg 1829w\" sizes=\"(max-width: 915px) 100vw, 915px\" \/><\/figure>\n<\/figure>\n","protected":false},"excerpt":{"rendered":"<p>Retrouvez ma boutique avec des malas (colliers pour la m\u00e9ditation) et des bracelets fabriqu\u00e9s par moi-m\u00eame avec amour&#8230; Voici un aper\u00e7u de mes r\u00e9alisations:<\/p>\n","protected":false},"author":1,"featured_media":0,"parent":0,"menu_order":0,"comment_status":"closed","ping_status":"closed","template":"","meta":{"footnotes":""},"class_list":["post-211","page","type-page","status-publish","hentry"],"yoast_head":"<!-- This site is optimized with the Yoast SEO plugin v27.4 - https:\/\/yoast.com\/product\/yoast-seo-wordpress\/ -->\n<title>Boutique - Shanti Bloom<\/title>\n<meta name=\"robots\" content=\"index, follow, max-snippet:-1, max-image-preview:large, max-video-preview:-1\" \/>\n<link rel=\"canonical\" href=\"https:\/\/shantibloom.com\/index.php\/boutique\/\" \/>\n<meta property=\"og:locale\" content=\"fr_FR\" \/>\n<meta property=\"og:type\" content=\"article\" \/>\n<meta property=\"og:title\" content=\"Boutique - Shanti Bloom\" \/>\n<meta property=\"og:description\" content=\"Retrouvez ma boutique avec des malas (colliers pour la m\u00e9ditation) et des bracelets fabriqu\u00e9s par moi-m\u00eame avec amour&#8230; Voici un aper\u00e7u de mes r\u00e9alisations:\" \/>\n<meta property=\"og:url\" content=\"https:\/\/shantibloom.com\/index.php\/boutique\/\" \/>\n<meta property=\"og:site_name\" content=\"Shanti Bloom\" \/>\n<meta property=\"article:publisher\" content=\"https:\/\/www.facebook.com\/105656029082699?ref=embed_page\" \/>\n<meta property=\"article:modified_time\" content=\"2025-01-23T19:32:42+00:00\" \/>\n<meta property=\"og:image\" content=\"https:\/\/shantibloom.com\/wp-content\/uploads\/2023\/12\/IMG_1132-1-scaled.jpg\" \/>\n\t<meta property=\"og:image:width\" content=\"1766\" \/>\n\t<meta property=\"og:image:height\" content=\"2560\" \/>\n\t<meta property=\"og:image:type\" content=\"image\/jpeg\" \/>\n<meta name=\"twitter:card\" content=\"summary_large_image\" \/>\n<meta name=\"twitter:label1\" content=\"Dur\u00e9e de lecture estim\u00e9e\" \/>\n\t<meta name=\"twitter:data1\" content=\"5 minutes\" \/>\n<script type=\"application\/ld+json\" class=\"yoast-schema-graph\">{\"@context\":\"https:\\\/\\\/schema.org\",\"@graph\":[{\"@type\":\"WebPage\",\"@id\":\"https:\\\/\\\/shantibloom.com\\\/index.php\\\/boutique\\\/\",\"url\":\"https:\\\/\\\/shantibloom.com\\\/index.php\\\/boutique\\\/\",\"name\":\"Boutique - Shanti Bloom\",\"isPartOf\":{\"@id\":\"https:\\\/\\\/shantibloom.com\\\/#website\"},\"primaryImageOfPage\":{\"@id\":\"https:\\\/\\\/shantibloom.com\\\/index.php\\\/boutique\\\/#primaryimage\"},\"image\":{\"@id\":\"https:\\\/\\\/shantibloom.com\\\/index.php\\\/boutique\\\/#primaryimage\"},\"thumbnailUrl\":\"https:\\\/\\\/shantibloom.com\\\/wp-content\\\/uploads\\\/2023\\\/12\\\/IMG_1132-1-707x1024.jpg\",\"datePublished\":\"2023-08-18T12:02:32+00:00\",\"dateModified\":\"2025-01-23T19:32:42+00:00\",\"breadcrumb\":{\"@id\":\"https:\\\/\\\/shantibloom.com\\\/index.php\\\/boutique\\\/#breadcrumb\"},\"inLanguage\":\"fr-FR\",\"potentialAction\":[{\"@type\":\"ReadAction\",\"target\":[\"https:\\\/\\\/shantibloom.com\\\/index.php\\\/boutique\\\/\"]}]},{\"@type\":\"ImageObject\",\"inLanguage\":\"fr-FR\",\"@id\":\"https:\\\/\\\/shantibloom.com\\\/index.php\\\/boutique\\\/#primaryimage\",\"url\":\"https:\\\/\\\/shantibloom.com\\\/wp-content\\\/uploads\\\/2023\\\/12\\\/IMG_1132-1-scaled.jpg\",\"contentUrl\":\"https:\\\/\\\/shantibloom.com\\\/wp-content\\\/uploads\\\/2023\\\/12\\\/IMG_1132-1-scaled.jpg\",\"width\":1766,\"height\":2560},{\"@type\":\"BreadcrumbList\",\"@id\":\"https:\\\/\\\/shantibloom.com\\\/index.php\\\/boutique\\\/#breadcrumb\",\"itemListElement\":[{\"@type\":\"ListItem\",\"position\":1,\"name\":\"Accueil\",\"item\":\"https:\\\/\\\/shantibloom.com\\\/\"},{\"@type\":\"ListItem\",\"position\":2,\"name\":\"Boutique\"}]},{\"@type\":\"WebSite\",\"@id\":\"https:\\\/\\\/shantibloom.com\\\/#website\",\"url\":\"https:\\\/\\\/shantibloom.com\\\/\",\"name\":\"Shanti Bloom\",\"description\":\"Le chemin vers votre paix int\u00e9rieure\",\"publisher\":{\"@id\":\"https:\\\/\\\/shantibloom.com\\\/#organization\"},\"potentialAction\":[{\"@type\":\"SearchAction\",\"target\":{\"@type\":\"EntryPoint\",\"urlTemplate\":\"https:\\\/\\\/shantibloom.com\\\/?s={search_term_string}\"},\"query-input\":{\"@type\":\"PropertyValueSpecification\",\"valueRequired\":true,\"valueName\":\"search_term_string\"}}],\"inLanguage\":\"fr-FR\"},{\"@type\":\"Organization\",\"@id\":\"https:\\\/\\\/shantibloom.com\\\/#organization\",\"name\":\"Shanti Bloom\",\"url\":\"https:\\\/\\\/shantibloom.com\\\/\",\"logo\":{\"@type\":\"ImageObject\",\"inLanguage\":\"fr-FR\",\"@id\":\"https:\\\/\\\/shantibloom.com\\\/#\\\/schema\\\/logo\\\/image\\\/\",\"url\":\"https:\\\/\\\/shantibloom.com\\\/wp-content\\\/uploads\\\/2022\\\/08\\\/Logo.png\",\"contentUrl\":\"https:\\\/\\\/shantibloom.com\\\/wp-content\\\/uploads\\\/2022\\\/08\\\/Logo.png\",\"width\":1414,\"height\":689,\"caption\":\"Shanti Bloom\"},\"image\":{\"@id\":\"https:\\\/\\\/shantibloom.com\\\/#\\\/schema\\\/logo\\\/image\\\/\"},\"sameAs\":[\"https:\\\/\\\/www.facebook.com\\\/105656029082699?ref=embed_page\",\"https:\\\/\\\/www.instagram.com\\\/emishantibloom\\\/\"]}]}<\/script>\n<!-- \/ Yoast SEO plugin. -->","yoast_head_json":{"title":"Boutique - Shanti Bloom","robots":{"index":"index","follow":"follow","max-snippet":"max-snippet:-1","max-image-preview":"max-image-preview:large","max-video-preview":"max-video-preview:-1"},"canonical":"https:\/\/shantibloom.com\/index.php\/boutique\/","og_locale":"fr_FR","og_type":"article","og_title":"Boutique - Shanti Bloom","og_description":"Retrouvez ma boutique avec des malas (colliers pour la m\u00e9ditation) et des bracelets fabriqu\u00e9s par moi-m\u00eame avec amour&#8230; Voici un aper\u00e7u de mes r\u00e9alisations:","og_url":"https:\/\/shantibloom.com\/index.php\/boutique\/","og_site_name":"Shanti Bloom","article_publisher":"https:\/\/www.facebook.com\/105656029082699?ref=embed_page","article_modified_time":"2025-01-23T19:32:42+00:00","og_image":[{"width":1766,"height":2560,"url":"https:\/\/shantibloom.com\/wp-content\/uploads\/2023\/12\/IMG_1132-1-scaled.jpg","type":"image\/jpeg"}],"twitter_card":"summary_large_image","twitter_misc":{"Dur\u00e9e de lecture estim\u00e9e":"5 minutes"},"schema":{"@context":"https:\/\/schema.org","@graph":[{"@type":"WebPage","@id":"https:\/\/shantibloom.com\/index.php\/boutique\/","url":"https:\/\/shantibloom.com\/index.php\/boutique\/","name":"Boutique - Shanti Bloom","isPartOf":{"@id":"https:\/\/shantibloom.com\/#website"},"primaryImageOfPage":{"@id":"https:\/\/shantibloom.com\/index.php\/boutique\/#primaryimage"},"image":{"@id":"https:\/\/shantibloom.com\/index.php\/boutique\/#primaryimage"},"thumbnailUrl":"https:\/\/shantibloom.com\/wp-content\/uploads\/2023\/12\/IMG_1132-1-707x1024.jpg","datePublished":"2023-08-18T12:02:32+00:00","dateModified":"2025-01-23T19:32:42+00:00","breadcrumb":{"@id":"https:\/\/shantibloom.com\/index.php\/boutique\/#breadcrumb"},"inLanguage":"fr-FR","potentialAction":[{"@type":"ReadAction","target":["https:\/\/shantibloom.com\/index.php\/boutique\/"]}]},{"@type":"ImageObject","inLanguage":"fr-FR","@id":"https:\/\/shantibloom.com\/index.php\/boutique\/#primaryimage","url":"https:\/\/shantibloom.com\/wp-content\/uploads\/2023\/12\/IMG_1132-1-scaled.jpg","contentUrl":"https:\/\/shantibloom.com\/wp-content\/uploads\/2023\/12\/IMG_1132-1-scaled.jpg","width":1766,"height":2560},{"@type":"BreadcrumbList","@id":"https:\/\/shantibloom.com\/index.php\/boutique\/#breadcrumb","itemListElement":[{"@type":"ListItem","position":1,"name":"Accueil","item":"https:\/\/shantibloom.com\/"},{"@type":"ListItem","position":2,"name":"Boutique"}]},{"@type":"WebSite","@id":"https:\/\/shantibloom.com\/#website","url":"https:\/\/shantibloom.com\/","name":"Shanti Bloom","description":"Le chemin vers votre paix int\u00e9rieure","publisher":{"@id":"https:\/\/shantibloom.com\/#organization"},"potentialAction":[{"@type":"SearchAction","target":{"@type":"EntryPoint","urlTemplate":"https:\/\/shantibloom.com\/?s={search_term_string}"},"query-input":{"@type":"PropertyValueSpecification","valueRequired":true,"valueName":"search_term_string"}}],"inLanguage":"fr-FR"},{"@type":"Organization","@id":"https:\/\/shantibloom.com\/#organization","name":"Shanti Bloom","url":"https:\/\/shantibloom.com\/","logo":{"@type":"ImageObject","inLanguage":"fr-FR","@id":"https:\/\/shantibloom.com\/#\/schema\/logo\/image\/","url":"https:\/\/shantibloom.com\/wp-content\/uploads\/2022\/08\/Logo.png","contentUrl":"https:\/\/shantibloom.com\/wp-content\/uploads\/2022\/08\/Logo.png","width":1414,"height":689,"caption":"Shanti Bloom"},"image":{"@id":"https:\/\/shantibloom.com\/#\/schema\/logo\/image\/"},"sameAs":["https:\/\/www.facebook.com\/105656029082699?ref=embed_page","https:\/\/www.instagram.com\/emishantibloom\/"]}]}},"_links":{"self":[{"href":"https:\/\/shantibloom.com\/index.php\/wp-json\/wp\/v2\/pages\/211","targetHints":{"allow":["GET"]}}],"collection":[{"href":"https:\/\/shantibloom.com\/index.php\/wp-json\/wp\/v2\/pages"}],"about":[{"href":"https:\/\/shantibloom.com\/index.php\/wp-json\/wp\/v2\/types\/page"}],"author":[{"embeddable":true,"href":"https:\/\/shantibloom.com\/index.php\/wp-json\/wp\/v2\/users\/1"}],"replies":[{"embeddable":true,"href":"https:\/\/shantibloom.com\/index.php\/wp-json\/wp\/v2\/comments?post=211"}],"version-history":[{"count":8,"href":"https:\/\/shantibloom.com\/index.php\/wp-json\/wp\/v2\/pages\/211\/revisions"}],"predecessor-version":[{"id":399,"href":"https:\/\/shantibloom.com\/index.php\/wp-json\/wp\/v2\/pages\/211\/revisions\/399"}],"wp:attachment":[{"href":"https:\/\/shantibloom.com\/index.php\/wp-json\/wp\/v2\/media?parent=211"}],"curies":[{"name":"wp","href":"https:\/\/api.w.org\/{rel}","templated":true}]}}