{"id":39,"date":"2022-08-28T15:03:28","date_gmt":"2022-08-28T13:03:28","guid":{"rendered":"http:\/\/shantibloom.com\/?page_id=39"},"modified":"2024-09-21T09:32:31","modified_gmt":"2024-09-21T07:32:31","slug":"a-propos","status":"publish","type":"page","link":"https:\/\/shantibloom.com\/index.php\/a-propos\/","title":{"rendered":"A propos"},"content":{"rendered":"\n<div class=\"wp-block-group alignfull\"><div class=\"wp-block-group__inner-container is-layout-constrained wp-block-group-is-layout-constrained\"><\/div><\/div>\n\n\n\n<p>C&rsquo;est lors de mon premier voyage en Inde, au sein d&rsquo;un ashram, que l&rsquo;id\u00e9e a germ\u00e9 de transmettre aux autres toutes ces richesses que j&rsquo;ai acquis durant plusieurs ann\u00e9es et qui m&rsquo;ont permis de me reconnecter \u00e0 moi-m\u00eame et d&rsquo;accueillir mes \u00e9motions avec bienveillance et s\u00e9r\u00e9nit\u00e9.<br>J&rsquo;ai, par la suite, voyag\u00e9 en Inde et au N\u00e9pal, o\u00f9 toutes les rencontres que j&rsquo;y ai faites m&rsquo;ont apport\u00e9 \u00e9norm\u00e9ment de connaissances et surtout de sagesse. Mes enseignants m&rsquo;ont transmis la passion du yoga et de sa philosophie, les valeurs et la vision du bouddhisme.<\/p>\n\n\n\n<p>Mes ann\u00e9es d&rsquo;exp\u00e9rience dans les Ressources Humaines, la Formation et le Management en entreprise m&rsquo;ont \u00e9galement beaucoup appris sur moi-m\u00eame et sur l&rsquo;\u00eatre humain et ses m\u00e9canismes. D\u00e9veloppant sans cesse mes comp\u00e9tences et connaissances sur la psychologie, l&rsquo;intelligence \u00e9motionnelle et les comportements li\u00e9s aux traumatismes, j&rsquo;ai pris conscience de la complexit\u00e9 et de la richesse des interactions interpersonnelles.<\/p>\n\n\n\n<p>A l&rsquo;aide des nombreux bienfaits qu&rsquo;apporte le Yoga traditionnel, tant sur le plan physique, que mental et \u00e9motionnel, je vous accompagne dans votre chemin, vers plus de paix int\u00e9rieure, de bien-\u00eatre, avec authenticit\u00e9, bienveillance et toute ma sensibilit\u00e9.<\/p>\n\n\n\n<p>J&rsquo;organise des ateliers et s\u00e9jours retraites pour profiter pleinement d&rsquo;un environnement propice au retour \u00e0 soi, \u00e0 la connexion avec son centre int\u00e9rieur et \u00e0 la pleine pr\u00e9sence.<\/p>\n\n\n\n<p>Que ce soit la m\u00e9ditation, les postures (asanas), les techniques de respiration appel\u00e9es pranayama, l&rsquo;hygi\u00e8ne de vie, mais aussi les enseignements de la philosophie yogique et plus largement hindouiste et bouddhiste, je vous transmettrai tous ces tr\u00e9sors pour vous accompagner sur le chemin du bien-\u00eatre.<\/p>\n\n\n\n<blockquote class=\"wp-block-quote is-layout-flow wp-block-quote-is-layout-flow\">\n<p><em>Je crois en une contamination de l&rsquo;amour, de la bienveillance, de la douceur et de l&rsquo;intelligence. Chaque fois qu&rsquo;on pose un acte de tendresse, d&rsquo;affection, d&rsquo;amour, chaque fois qu&rsquo;on \u00e9claire quelqu&rsquo;un en lui donnant un conseil, on modifie un tout petit peu l&rsquo;avenir de l&rsquo;humanit\u00e9 dans le bon sens.<\/em><\/p>\n<cite>Christophe Andr\u00e9<\/cite><\/blockquote>\n\n\n\n<p><strong>Mes formations : <\/strong><\/p>\n\n\n\n<div class=\"wp-block-media-text is-stacked-on-mobile\" style=\"grid-template-columns:32% auto\"><figure class=\"wp-block-media-text__media\"><img fetchpriority=\"high\" decoding=\"async\" width=\"1024\" height=\"1024\" src=\"https:\/\/shantibloom.com\/wp-content\/uploads\/2024\/09\/Pokhara-ShantiBloom-1024x1024.jpg\" alt=\"\" class=\"wp-image-358 size-full\" srcset=\"https:\/\/shantibloom.com\/wp-content\/uploads\/2024\/09\/Pokhara-ShantiBloom-1024x1024.jpg 1024w, https:\/\/shantibloom.com\/wp-content\/uploads\/2024\/09\/Pokhara-ShantiBloom-300x300.jpg 300w, https:\/\/shantibloom.com\/wp-content\/uploads\/2024\/09\/Pokhara-ShantiBloom-150x150.jpg 150w, https:\/\/shantibloom.com\/wp-content\/uploads\/2024\/09\/Pokhara-ShantiBloom-768x768.jpg 768w, https:\/\/shantibloom.com\/wp-content\/uploads\/2024\/09\/Pokhara-ShantiBloom-1536x1536.jpg 1536w, https:\/\/shantibloom.com\/wp-content\/uploads\/2024\/09\/Pokhara-ShantiBloom-2048x2048.jpg 2048w\" sizes=\"(max-width: 1024px) 100vw, 1024px\" \/><\/figure><div class=\"wp-block-media-text__content\">\n<ul class=\"wp-block-list\">\n<li style=\"font-size:16px\">Stages \u00ab\u00a0Happiness Program\u00a0\u00bb et \u00ab\u00a0Sahaj Samadhi\u00a0\u00bb &#8211; Art of Living India<\/li>\n\n\n\n<li style=\"font-size:16px\">Yoga Teacher Training (200h certifi\u00e9es Yoga Alliance)<\/li>\n\n\n\n<li style=\"font-size:16px\">Conseill\u00e8re en r\u00e9\u00e9quilibrage alimentaire et naturopathie (certifi\u00e9e IPHM)<\/li>\n\n\n\n<li style=\"font-size:16px\">Meditation Teacher Training (100h certifi\u00e9es Yoga Alliance)<\/li>\n\n\n\n<li style=\"font-size:16px\">Divinit\u00e9s de l&rsquo;Inde et leur symbolisme (25h certifi\u00e9es Yoga Alliance)<\/li>\n\n\n\n<li style=\"font-size:16px\">Animation de relaxation sonore (sonoth\u00e9rapie)<\/li>\n<\/ul>\n<\/div><\/div>\n\n\n\n<p>Je vous invite \u00e0 consulter <a href=\"https:\/\/shantibloom.com\/index.php\/prestations\/\">l&rsquo;ensemble de mes prestations<\/a> et \u00e0 me contacter <a href=\"https:\/\/shantibloom.com\/index.php\/contact\/\">via le formulaire<\/a>.<\/p>\n\n\n<div class=\"wp-block-image is-style-default\">\n<figure class=\"aligncenter size-large is-resized\"><img decoding=\"async\" width=\"768\" height=\"1024\" src=\"https:\/\/shantibloom.com\/wp-content\/uploads\/2022\/12\/Snapseed-768x1024.jpg\" alt=\"\" class=\"wp-image-189\" style=\"width:576px;height:768px\" srcset=\"https:\/\/shantibloom.com\/wp-content\/uploads\/2022\/12\/Snapseed-768x1024.jpg 768w, https:\/\/shantibloom.com\/wp-content\/uploads\/2022\/12\/Snapseed-225x300.jpg 225w, https:\/\/shantibloom.com\/wp-content\/uploads\/2022\/12\/Snapseed-1152x1536.jpg 1152w, https:\/\/shantibloom.com\/wp-content\/uploads\/2022\/12\/Snapseed-1536x2048.jpg 1536w, https:\/\/shantibloom.com\/wp-content\/uploads\/2022\/12\/Snapseed-scaled.jpg 1920w\" sizes=\"(max-width: 768px) 100vw, 768px\" \/><\/figure>\n<\/div>\n\n\n<p><\/p>\n","protected":false},"excerpt":{"rendered":"<p>C&rsquo;est lors de mon premier voyage en Inde, au sein d&rsquo;un ashram, que l&rsquo;id\u00e9e a germ\u00e9 de transmettre aux autres toutes ces richesses que j&rsquo;ai acquis durant plusieurs ann\u00e9es et qui m&rsquo;ont permis de me reconnecter \u00e0 moi-m\u00eame et d&rsquo;accueillir mes \u00e9motions avec bienveillance et s\u00e9r\u00e9nit\u00e9.J&rsquo;ai, par la suite, voyag\u00e9 en Inde et au N\u00e9pal, <a class=\"read-more\" href=\"https:\/\/shantibloom.com\/index.php\/a-propos\/\">READ MORE<\/a><\/p>\n","protected":false},"author":1,"featured_media":0,"parent":0,"menu_order":0,"comment_status":"closed","ping_status":"closed","template":"","meta":{"footnotes":""},"class_list":["post-39","page","type-page","status-publish","hentry"],"yoast_head":"<!-- This site is optimized with the Yoast SEO plugin v27.4 - https:\/\/yoast.com\/product\/yoast-seo-wordpress\/ -->\n<title>A propos - Shanti Bloom<\/title>\n<meta name=\"description\" content=\"Enseignante de yoga, m\u00e9ditation, pranayama (techniques de respiration), philosophie bouddhiste, \u00e0 Lille, retraites au N\u00e9pal et en Inde\" \/>\n<meta name=\"robots\" content=\"index, follow, max-snippet:-1, max-image-preview:large, max-video-preview:-1\" \/>\n<link rel=\"canonical\" href=\"https:\/\/shantibloom.com\/index.php\/a-propos\/\" \/>\n<meta property=\"og:locale\" content=\"fr_FR\" \/>\n<meta property=\"og:type\" content=\"article\" \/>\n<meta property=\"og:title\" content=\"A propos - Shanti Bloom\" \/>\n<meta property=\"og:description\" content=\"Enseignante de yoga, m\u00e9ditation, pranayama (techniques de respiration), philosophie bouddhiste, \u00e0 Lille, retraites au N\u00e9pal et en Inde\" \/>\n<meta property=\"og:url\" content=\"https:\/\/shantibloom.com\/index.php\/a-propos\/\" \/>\n<meta property=\"og:site_name\" content=\"Shanti Bloom\" \/>\n<meta property=\"article:publisher\" content=\"https:\/\/www.facebook.com\/105656029082699?ref=embed_page\" \/>\n<meta property=\"article:modified_time\" content=\"2024-09-21T07:32:31+00:00\" \/>\n<meta property=\"og:image\" content=\"https:\/\/shantibloom.com\/wp-content\/uploads\/2024\/09\/Pokhara-ShantiBloom-1024x1024.jpg\" \/>\n<meta name=\"twitter:card\" content=\"summary_large_image\" \/>\n<meta name=\"twitter:label1\" content=\"Dur\u00e9e de lecture estim\u00e9e\" \/>\n\t<meta name=\"twitter:data1\" content=\"3 minutes\" \/>\n<script type=\"application\/ld+json\" class=\"yoast-schema-graph\">{\"@context\":\"https:\\\/\\\/schema.org\",\"@graph\":[{\"@type\":\"WebPage\",\"@id\":\"https:\\\/\\\/shantibloom.com\\\/index.php\\\/a-propos\\\/\",\"url\":\"https:\\\/\\\/shantibloom.com\\\/index.php\\\/a-propos\\\/\",\"name\":\"A propos - Shanti Bloom\",\"isPartOf\":{\"@id\":\"https:\\\/\\\/shantibloom.com\\\/#website\"},\"primaryImageOfPage\":{\"@id\":\"https:\\\/\\\/shantibloom.com\\\/index.php\\\/a-propos\\\/#primaryimage\"},\"image\":{\"@id\":\"https:\\\/\\\/shantibloom.com\\\/index.php\\\/a-propos\\\/#primaryimage\"},\"thumbnailUrl\":\"https:\\\/\\\/shantibloom.com\\\/wp-content\\\/uploads\\\/2024\\\/09\\\/Pokhara-ShantiBloom-1024x1024.jpg\",\"datePublished\":\"2022-08-28T13:03:28+00:00\",\"dateModified\":\"2024-09-21T07:32:31+00:00\",\"description\":\"Enseignante de yoga, m\u00e9ditation, pranayama (techniques de respiration), philosophie bouddhiste, \u00e0 Lille, retraites au N\u00e9pal et en Inde\",\"breadcrumb\":{\"@id\":\"https:\\\/\\\/shantibloom.com\\\/index.php\\\/a-propos\\\/#breadcrumb\"},\"inLanguage\":\"fr-FR\",\"potentialAction\":[{\"@type\":\"ReadAction\",\"target\":[\"https:\\\/\\\/shantibloom.com\\\/index.php\\\/a-propos\\\/\"]}]},{\"@type\":\"ImageObject\",\"inLanguage\":\"fr-FR\",\"@id\":\"https:\\\/\\\/shantibloom.com\\\/index.php\\\/a-propos\\\/#primaryimage\",\"url\":\"https:\\\/\\\/shantibloom.com\\\/wp-content\\\/uploads\\\/2024\\\/09\\\/Pokhara-ShantiBloom-scaled.jpg\",\"contentUrl\":\"https:\\\/\\\/shantibloom.com\\\/wp-content\\\/uploads\\\/2024\\\/09\\\/Pokhara-ShantiBloom-scaled.jpg\",\"width\":2560,\"height\":2560},{\"@type\":\"BreadcrumbList\",\"@id\":\"https:\\\/\\\/shantibloom.com\\\/index.php\\\/a-propos\\\/#breadcrumb\",\"itemListElement\":[{\"@type\":\"ListItem\",\"position\":1,\"name\":\"Accueil\",\"item\":\"https:\\\/\\\/shantibloom.com\\\/\"},{\"@type\":\"ListItem\",\"position\":2,\"name\":\"A propos\"}]},{\"@type\":\"WebSite\",\"@id\":\"https:\\\/\\\/shantibloom.com\\\/#website\",\"url\":\"https:\\\/\\\/shantibloom.com\\\/\",\"name\":\"Shanti Bloom\",\"description\":\"Le chemin vers votre paix int\u00e9rieure\",\"publisher\":{\"@id\":\"https:\\\/\\\/shantibloom.com\\\/#organization\"},\"potentialAction\":[{\"@type\":\"SearchAction\",\"target\":{\"@type\":\"EntryPoint\",\"urlTemplate\":\"https:\\\/\\\/shantibloom.com\\\/?s={search_term_string}\"},\"query-input\":{\"@type\":\"PropertyValueSpecification\",\"valueRequired\":true,\"valueName\":\"search_term_string\"}}],\"inLanguage\":\"fr-FR\"},{\"@type\":\"Organization\",\"@id\":\"https:\\\/\\\/shantibloom.com\\\/#organization\",\"name\":\"Shanti Bloom\",\"url\":\"https:\\\/\\\/shantibloom.com\\\/\",\"logo\":{\"@type\":\"ImageObject\",\"inLanguage\":\"fr-FR\",\"@id\":\"https:\\\/\\\/shantibloom.com\\\/#\\\/schema\\\/logo\\\/image\\\/\",\"url\":\"https:\\\/\\\/shantibloom.com\\\/wp-content\\\/uploads\\\/2022\\\/08\\\/Logo.png\",\"contentUrl\":\"https:\\\/\\\/shantibloom.com\\\/wp-content\\\/uploads\\\/2022\\\/08\\\/Logo.png\",\"width\":1414,\"height\":689,\"caption\":\"Shanti Bloom\"},\"image\":{\"@id\":\"https:\\\/\\\/shantibloom.com\\\/#\\\/schema\\\/logo\\\/image\\\/\"},\"sameAs\":[\"https:\\\/\\\/www.facebook.com\\\/105656029082699?ref=embed_page\",\"https:\\\/\\\/www.instagram.com\\\/emishantibloom\\\/\"]}]}<\/script>\n<!-- \/ Yoast SEO plugin. -->","yoast_head_json":{"title":"A propos - Shanti Bloom","description":"Enseignante de yoga, m\u00e9ditation, pranayama (techniques de respiration), philosophie bouddhiste, \u00e0 Lille, retraites au N\u00e9pal et en Inde","robots":{"index":"index","follow":"follow","max-snippet":"max-snippet:-1","max-image-preview":"max-image-preview:large","max-video-preview":"max-video-preview:-1"},"canonical":"https:\/\/shantibloom.com\/index.php\/a-propos\/","og_locale":"fr_FR","og_type":"article","og_title":"A propos - Shanti Bloom","og_description":"Enseignante de yoga, m\u00e9ditation, pranayama (techniques de respiration), philosophie bouddhiste, \u00e0 Lille, retraites au N\u00e9pal et en Inde","og_url":"https:\/\/shantibloom.com\/index.php\/a-propos\/","og_site_name":"Shanti Bloom","article_publisher":"https:\/\/www.facebook.com\/105656029082699?ref=embed_page","article_modified_time":"2024-09-21T07:32:31+00:00","og_image":[{"url":"https:\/\/shantibloom.com\/wp-content\/uploads\/2024\/09\/Pokhara-ShantiBloom-1024x1024.jpg","type":"","width":"","height":""}],"twitter_card":"summary_large_image","twitter_misc":{"Dur\u00e9e de lecture estim\u00e9e":"3 minutes"},"schema":{"@context":"https:\/\/schema.org","@graph":[{"@type":"WebPage","@id":"https:\/\/shantibloom.com\/index.php\/a-propos\/","url":"https:\/\/shantibloom.com\/index.php\/a-propos\/","name":"A propos - Shanti Bloom","isPartOf":{"@id":"https:\/\/shantibloom.com\/#website"},"primaryImageOfPage":{"@id":"https:\/\/shantibloom.com\/index.php\/a-propos\/#primaryimage"},"image":{"@id":"https:\/\/shantibloom.com\/index.php\/a-propos\/#primaryimage"},"thumbnailUrl":"https:\/\/shantibloom.com\/wp-content\/uploads\/2024\/09\/Pokhara-ShantiBloom-1024x1024.jpg","datePublished":"2022-08-28T13:03:28+00:00","dateModified":"2024-09-21T07:32:31+00:00","description":"Enseignante de yoga, m\u00e9ditation, pranayama (techniques de respiration), philosophie bouddhiste, \u00e0 Lille, retraites au N\u00e9pal et en Inde","breadcrumb":{"@id":"https:\/\/shantibloom.com\/index.php\/a-propos\/#breadcrumb"},"inLanguage":"fr-FR","potentialAction":[{"@type":"ReadAction","target":["https:\/\/shantibloom.com\/index.php\/a-propos\/"]}]},{"@type":"ImageObject","inLanguage":"fr-FR","@id":"https:\/\/shantibloom.com\/index.php\/a-propos\/#primaryimage","url":"https:\/\/shantibloom.com\/wp-content\/uploads\/2024\/09\/Pokhara-ShantiBloom-scaled.jpg","contentUrl":"https:\/\/shantibloom.com\/wp-content\/uploads\/2024\/09\/Pokhara-ShantiBloom-scaled.jpg","width":2560,"height":2560},{"@type":"BreadcrumbList","@id":"https:\/\/shantibloom.com\/index.php\/a-propos\/#breadcrumb","itemListElement":[{"@type":"ListItem","position":1,"name":"Accueil","item":"https:\/\/shantibloom.com\/"},{"@type":"ListItem","position":2,"name":"A propos"}]},{"@type":"WebSite","@id":"https:\/\/shantibloom.com\/#website","url":"https:\/\/shantibloom.com\/","name":"Shanti Bloom","description":"Le chemin vers votre paix int\u00e9rieure","publisher":{"@id":"https:\/\/shantibloom.com\/#organization"},"potentialAction":[{"@type":"SearchAction","target":{"@type":"EntryPoint","urlTemplate":"https:\/\/shantibloom.com\/?s={search_term_string}"},"query-input":{"@type":"PropertyValueSpecification","valueRequired":true,"valueName":"search_term_string"}}],"inLanguage":"fr-FR"},{"@type":"Organization","@id":"https:\/\/shantibloom.com\/#organization","name":"Shanti Bloom","url":"https:\/\/shantibloom.com\/","logo":{"@type":"ImageObject","inLanguage":"fr-FR","@id":"https:\/\/shantibloom.com\/#\/schema\/logo\/image\/","url":"https:\/\/shantibloom.com\/wp-content\/uploads\/2022\/08\/Logo.png","contentUrl":"https:\/\/shantibloom.com\/wp-content\/uploads\/2022\/08\/Logo.png","width":1414,"height":689,"caption":"Shanti Bloom"},"image":{"@id":"https:\/\/shantibloom.com\/#\/schema\/logo\/image\/"},"sameAs":["https:\/\/www.facebook.com\/105656029082699?ref=embed_page","https:\/\/www.instagram.com\/emishantibloom\/"]}]}},"_links":{"self":[{"href":"https:\/\/shantibloom.com\/index.php\/wp-json\/wp\/v2\/pages\/39","targetHints":{"allow":["GET"]}}],"collection":[{"href":"https:\/\/shantibloom.com\/index.php\/wp-json\/wp\/v2\/pages"}],"about":[{"href":"https:\/\/shantibloom.com\/index.php\/wp-json\/wp\/v2\/types\/page"}],"author":[{"embeddable":true,"href":"https:\/\/shantibloom.com\/index.php\/wp-json\/wp\/v2\/users\/1"}],"replies":[{"embeddable":true,"href":"https:\/\/shantibloom.com\/index.php\/wp-json\/wp\/v2\/comments?post=39"}],"version-history":[{"count":17,"href":"https:\/\/shantibloom.com\/index.php\/wp-json\/wp\/v2\/pages\/39\/revisions"}],"predecessor-version":[{"id":359,"href":"https:\/\/shantibloom.com\/index.php\/wp-json\/wp\/v2\/pages\/39\/revisions\/359"}],"wp:attachment":[{"href":"https:\/\/shantibloom.com\/index.php\/wp-json\/wp\/v2\/media?parent=39"}],"curies":[{"name":"wp","href":"https:\/\/api.w.org\/{rel}","templated":true}]}}