{"id":50,"date":"2022-08-28T18:32:22","date_gmt":"2022-08-28T16:32:22","guid":{"rendered":"http:\/\/shantibloom.com\/?page_id=50"},"modified":"2022-11-20T17:01:39","modified_gmt":"2022-11-20T16:01:39","slug":"contact","status":"publish","type":"page","link":"https:\/\/shantibloom.com\/index.php\/contact\/","title":{"rendered":"Contact"},"content":{"rendered":"\n<p>N&rsquo;h\u00e9sitez pas \u00e0 me contacter pour toute demande ou renseignement !<\/p>\n\n\n\n<div class=\"forminator-guttenberg\"><div class=\"forminator-ui forminator-custom-form forminator-custom-form-49 forminator-design--default  forminator_ajax\" data-forminator-render=\"0\" data-form=\"forminator-module-49\" data-uid=\"69e50de53aba6\"><br\/><\/div><form\n\t\t\t\tid=\"forminator-module-49\"\n\t\t\t\tclass=\"forminator-ui forminator-custom-form forminator-custom-form-49 forminator-design--default  forminator_ajax\"\n\t\t\t\tmethod=\"post\"\n\t\t\t\tdata-forminator-render=\"0\"\n\t\t\t\tdata-form-id=\"49\"\n\t\t\t\t data-color-option=\"default\" data-design=\"default\" data-grid=\"open\" style=\"display: none;\"\n\t\t\t\tdata-uid=\"69e50de53aba6\"\n\t\t\t><div role=\"alert\" aria-live=\"polite\" class=\"forminator-response-message forminator-error\" aria-hidden=\"true\"><\/div><div class=\"forminator-row\"><div id=\"name-1\" class=\"forminator-field-name forminator-col forminator-col-12 \"><div class=\"forminator-field\"><label for=\"forminator-field-name-1_69e50de53aba6\" id=\"forminator-field-name-1_69e50de53aba6-label\" class=\"forminator-label\">Pr\u00e9nom <span class=\"forminator-required\">*<\/span><\/label><input type=\"text\" name=\"name-1\" value=\"\" placeholder=\"Par exemple\u00a0: Jean\" id=\"forminator-field-name-1_69e50de53aba6\" class=\"forminator-input forminator-name--field\" aria-required=\"true\" autocomplete=\"name\" \/><\/div><\/div><\/div><div class=\"forminator-row\"><div id=\"email-1\" class=\"forminator-field-email forminator-col forminator-col-12 \"><div class=\"forminator-field\"><label for=\"forminator-field-email-1_69e50de53aba6\" id=\"forminator-field-email-1_69e50de53aba6-label\" class=\"forminator-label\">Adresse de messagerie <span class=\"forminator-required\">*<\/span><\/label><input type=\"email\" name=\"email-1\" value=\"\" placeholder=\"Par exemple\u00a0: jacques@martin.com\" id=\"forminator-field-email-1_69e50de53aba6\" class=\"forminator-input forminator-email--field\" data-required=\"true\" aria-required=\"true\" autocomplete=\"email\" \/><\/div><\/div><\/div><div class=\"forminator-row\"><div id=\"phone-1\" class=\"forminator-field-phone forminator-col forminator-col-12 \"><div class=\"forminator-field\"><label for=\"forminator-field-phone-1_69e50de53aba6\" id=\"forminator-field-phone-1_69e50de53aba6-label\" class=\"forminator-label\">Num\u00e9ro de t\u00e9l\u00e9phone<\/label><input type=\"text\" name=\"phone-1\" value=\"\" placeholder=\"Par exemple\u00a0: +1 02 03 04 05\" id=\"forminator-field-phone-1_69e50de53aba6\" class=\"forminator-input forminator-field--phone\" data-required=\"\" aria-required=\"false\" autocomplete=\"off\" \/><\/div><\/div><\/div><div class=\"forminator-row\"><div id=\"textarea-1\" class=\"forminator-field-textarea forminator-col forminator-col-12 \"><div class=\"forminator-field\"><label for=\"forminator-field-textarea-1_69e50de53aba6\" id=\"forminator-field-textarea-1_69e50de53aba6-label\" class=\"forminator-label\">Message<\/label><textarea name=\"textarea-1\" placeholder=\"Saisissez votre message\u2026\" id=\"forminator-field-textarea-1_69e50de53aba6\" class=\"forminator-textarea\" rows=\"6\" style=\"min-height:140px;\" maxlength=\"180\" ><\/textarea><span id=\"forminator-field-textarea-1_69e50de53aba6-description\" class=\"forminator-description\"><span data-limit=\"180\" data-type=\"characters\" data-editor=\"\">0 \/ 180<\/span><\/span><\/div><\/div><\/div><input type=\"hidden\" name=\"referer_url\" value=\"\" \/><div class=\"forminator-row forminator-row-last\"><div class=\"forminator-col\"><div class=\"forminator-field\"><button class=\"forminator-button forminator-button-submit\">Envoyer le message<\/button><\/div><\/div><\/div><input type=\"hidden\" id=\"forminator_nonce\" name=\"forminator_nonce\" value=\"e00cc36b49\" \/><input type=\"hidden\" name=\"_wp_http_referer\" value=\"\/index.php\/wp-json\/wp\/v2\/pages\/50\" \/><input type=\"hidden\" name=\"form_id\" value=\"49\"><input type=\"hidden\" name=\"page_id\" value=\"50\"><input type=\"hidden\" name=\"form_type\" value=\"default\"><input type=\"hidden\" name=\"current_url\" value=\"https:\/\/shantibloom.com\/index.php\/contact\/\"><input type=\"hidden\" name=\"render_id\" value=\"0\"><input type=\"hidden\" name=\"action\" value=\"forminator_submit_form_custom-forms\"><\/form><\/div>\n","protected":false},"excerpt":{"rendered":"<p>N&rsquo;h\u00e9sitez pas \u00e0 me contacter pour toute demande ou renseignement !<\/p>\n","protected":false},"author":1,"featured_media":0,"parent":0,"menu_order":0,"comment_status":"closed","ping_status":"closed","template":"wp-custom-template-a-propos","meta":{"footnotes":""},"class_list":["post-50","page","type-page","status-publish","hentry"],"yoast_head":"<!-- This site is optimized with the Yoast SEO plugin v27.4 - https:\/\/yoast.com\/product\/yoast-seo-wordpress\/ -->\n<title>Contact - Shanti Bloom<\/title>\n<meta name=\"robots\" content=\"index, follow, max-snippet:-1, max-image-preview:large, max-video-preview:-1\" \/>\n<link rel=\"canonical\" href=\"https:\/\/shantibloom.com\/index.php\/contact\/\" \/>\n<meta property=\"og:locale\" content=\"fr_FR\" \/>\n<meta property=\"og:type\" content=\"article\" \/>\n<meta property=\"og:title\" content=\"Contact - Shanti Bloom\" \/>\n<meta property=\"og:description\" content=\"N&rsquo;h\u00e9sitez pas \u00e0 me contacter pour toute demande ou renseignement !\" \/>\n<meta property=\"og:url\" content=\"https:\/\/shantibloom.com\/index.php\/contact\/\" \/>\n<meta property=\"og:site_name\" content=\"Shanti Bloom\" \/>\n<meta property=\"article:publisher\" content=\"https:\/\/www.facebook.com\/105656029082699?ref=embed_page\" \/>\n<meta property=\"article:modified_time\" content=\"2022-11-20T16:01:39+00:00\" \/>\n<meta name=\"twitter:card\" content=\"summary_large_image\" \/>\n<script type=\"application\/ld+json\" class=\"yoast-schema-graph\">{\"@context\":\"https:\\\/\\\/schema.org\",\"@graph\":[{\"@type\":\"WebPage\",\"@id\":\"https:\\\/\\\/shantibloom.com\\\/index.php\\\/contact\\\/\",\"url\":\"https:\\\/\\\/shantibloom.com\\\/index.php\\\/contact\\\/\",\"name\":\"Contact - Shanti Bloom\",\"isPartOf\":{\"@id\":\"https:\\\/\\\/shantibloom.com\\\/#website\"},\"datePublished\":\"2022-08-28T16:32:22+00:00\",\"dateModified\":\"2022-11-20T16:01:39+00:00\",\"breadcrumb\":{\"@id\":\"https:\\\/\\\/shantibloom.com\\\/index.php\\\/contact\\\/#breadcrumb\"},\"inLanguage\":\"fr-FR\",\"potentialAction\":[{\"@type\":\"ReadAction\",\"target\":[\"https:\\\/\\\/shantibloom.com\\\/index.php\\\/contact\\\/\"]}]},{\"@type\":\"BreadcrumbList\",\"@id\":\"https:\\\/\\\/shantibloom.com\\\/index.php\\\/contact\\\/#breadcrumb\",\"itemListElement\":[{\"@type\":\"ListItem\",\"position\":1,\"name\":\"Accueil\",\"item\":\"https:\\\/\\\/shantibloom.com\\\/\"},{\"@type\":\"ListItem\",\"position\":2,\"name\":\"Contact\"}]},{\"@type\":\"WebSite\",\"@id\":\"https:\\\/\\\/shantibloom.com\\\/#website\",\"url\":\"https:\\\/\\\/shantibloom.com\\\/\",\"name\":\"Shanti Bloom\",\"description\":\"Le chemin vers votre paix int\u00e9rieure\",\"publisher\":{\"@id\":\"https:\\\/\\\/shantibloom.com\\\/#organization\"},\"potentialAction\":[{\"@type\":\"SearchAction\",\"target\":{\"@type\":\"EntryPoint\",\"urlTemplate\":\"https:\\\/\\\/shantibloom.com\\\/?s={search_term_string}\"},\"query-input\":{\"@type\":\"PropertyValueSpecification\",\"valueRequired\":true,\"valueName\":\"search_term_string\"}}],\"inLanguage\":\"fr-FR\"},{\"@type\":\"Organization\",\"@id\":\"https:\\\/\\\/shantibloom.com\\\/#organization\",\"name\":\"Shanti Bloom\",\"url\":\"https:\\\/\\\/shantibloom.com\\\/\",\"logo\":{\"@type\":\"ImageObject\",\"inLanguage\":\"fr-FR\",\"@id\":\"https:\\\/\\\/shantibloom.com\\\/#\\\/schema\\\/logo\\\/image\\\/\",\"url\":\"https:\\\/\\\/shantibloom.com\\\/wp-content\\\/uploads\\\/2022\\\/08\\\/Logo.png\",\"contentUrl\":\"https:\\\/\\\/shantibloom.com\\\/wp-content\\\/uploads\\\/2022\\\/08\\\/Logo.png\",\"width\":1414,\"height\":689,\"caption\":\"Shanti Bloom\"},\"image\":{\"@id\":\"https:\\\/\\\/shantibloom.com\\\/#\\\/schema\\\/logo\\\/image\\\/\"},\"sameAs\":[\"https:\\\/\\\/www.facebook.com\\\/105656029082699?ref=embed_page\",\"https:\\\/\\\/www.instagram.com\\\/emishantibloom\\\/\"]}]}<\/script>\n<!-- \/ Yoast SEO plugin. -->","yoast_head_json":{"title":"Contact - Shanti Bloom","robots":{"index":"index","follow":"follow","max-snippet":"max-snippet:-1","max-image-preview":"max-image-preview:large","max-video-preview":"max-video-preview:-1"},"canonical":"https:\/\/shantibloom.com\/index.php\/contact\/","og_locale":"fr_FR","og_type":"article","og_title":"Contact - Shanti Bloom","og_description":"N&rsquo;h\u00e9sitez pas \u00e0 me contacter pour toute demande ou renseignement !","og_url":"https:\/\/shantibloom.com\/index.php\/contact\/","og_site_name":"Shanti Bloom","article_publisher":"https:\/\/www.facebook.com\/105656029082699?ref=embed_page","article_modified_time":"2022-11-20T16:01:39+00:00","twitter_card":"summary_large_image","schema":{"@context":"https:\/\/schema.org","@graph":[{"@type":"WebPage","@id":"https:\/\/shantibloom.com\/index.php\/contact\/","url":"https:\/\/shantibloom.com\/index.php\/contact\/","name":"Contact - Shanti Bloom","isPartOf":{"@id":"https:\/\/shantibloom.com\/#website"},"datePublished":"2022-08-28T16:32:22+00:00","dateModified":"2022-11-20T16:01:39+00:00","breadcrumb":{"@id":"https:\/\/shantibloom.com\/index.php\/contact\/#breadcrumb"},"inLanguage":"fr-FR","potentialAction":[{"@type":"ReadAction","target":["https:\/\/shantibloom.com\/index.php\/contact\/"]}]},{"@type":"BreadcrumbList","@id":"https:\/\/shantibloom.com\/index.php\/contact\/#breadcrumb","itemListElement":[{"@type":"ListItem","position":1,"name":"Accueil","item":"https:\/\/shantibloom.com\/"},{"@type":"ListItem","position":2,"name":"Contact"}]},{"@type":"WebSite","@id":"https:\/\/shantibloom.com\/#website","url":"https:\/\/shantibloom.com\/","name":"Shanti Bloom","description":"Le chemin vers votre paix int\u00e9rieure","publisher":{"@id":"https:\/\/shantibloom.com\/#organization"},"potentialAction":[{"@type":"SearchAction","target":{"@type":"EntryPoint","urlTemplate":"https:\/\/shantibloom.com\/?s={search_term_string}"},"query-input":{"@type":"PropertyValueSpecification","valueRequired":true,"valueName":"search_term_string"}}],"inLanguage":"fr-FR"},{"@type":"Organization","@id":"https:\/\/shantibloom.com\/#organization","name":"Shanti Bloom","url":"https:\/\/shantibloom.com\/","logo":{"@type":"ImageObject","inLanguage":"fr-FR","@id":"https:\/\/shantibloom.com\/#\/schema\/logo\/image\/","url":"https:\/\/shantibloom.com\/wp-content\/uploads\/2022\/08\/Logo.png","contentUrl":"https:\/\/shantibloom.com\/wp-content\/uploads\/2022\/08\/Logo.png","width":1414,"height":689,"caption":"Shanti Bloom"},"image":{"@id":"https:\/\/shantibloom.com\/#\/schema\/logo\/image\/"},"sameAs":["https:\/\/www.facebook.com\/105656029082699?ref=embed_page","https:\/\/www.instagram.com\/emishantibloom\/"]}]}},"_links":{"self":[{"href":"https:\/\/shantibloom.com\/index.php\/wp-json\/wp\/v2\/pages\/50","targetHints":{"allow":["GET"]}}],"collection":[{"href":"https:\/\/shantibloom.com\/index.php\/wp-json\/wp\/v2\/pages"}],"about":[{"href":"https:\/\/shantibloom.com\/index.php\/wp-json\/wp\/v2\/types\/page"}],"author":[{"embeddable":true,"href":"https:\/\/shantibloom.com\/index.php\/wp-json\/wp\/v2\/users\/1"}],"replies":[{"embeddable":true,"href":"https:\/\/shantibloom.com\/index.php\/wp-json\/wp\/v2\/comments?post=50"}],"version-history":[{"count":4,"href":"https:\/\/shantibloom.com\/index.php\/wp-json\/wp\/v2\/pages\/50\/revisions"}],"predecessor-version":[{"id":151,"href":"https:\/\/shantibloom.com\/index.php\/wp-json\/wp\/v2\/pages\/50\/revisions\/151"}],"wp:attachment":[{"href":"https:\/\/shantibloom.com\/index.php\/wp-json\/wp\/v2\/media?parent=50"}],"curies":[{"name":"wp","href":"https:\/\/api.w.org\/{rel}","templated":true}]}}