{"id":520,"date":"2026-04-05T18:43:10","date_gmt":"2026-04-05T16:43:10","guid":{"rendered":"https:\/\/shantibloom.com\/?page_id=520"},"modified":"2026-04-05T18:43:11","modified_gmt":"2026-04-05T16:43:11","slug":"recevoir-le-programme-detaille-nepal-2026","status":"publish","type":"page","link":"https:\/\/shantibloom.com\/index.php\/recevoir-le-programme-detaille-nepal-2026\/","title":{"rendered":"Recevoir le programme d\u00e9taill\u00e9 N\u00e9pal 2026"},"content":{"rendered":"\n<div class=\"forminator-guttenberg\"><div class=\"forminator-ui forminator-custom-form forminator-custom-form-516 forminator-design--basic  forminator_ajax\" data-forminator-render=\"0\" data-form=\"forminator-module-516\" data-uid=\"69e534823239c\"><br\/><\/div><form\n\t\t\t\tid=\"forminator-module-516\"\n\t\t\t\tclass=\"forminator-ui forminator-custom-form forminator-custom-form-516 forminator-design--basic  forminator_ajax\"\n\t\t\t\tmethod=\"post\"\n\t\t\t\tdata-forminator-render=\"0\"\n\t\t\t\tdata-form-id=\"516\"\n\t\t\t\t data-color-option=\"theme\" data-design=\"basic\" data-grid=\"open\" style=\"display: none;\"\n\t\t\t\tdata-uid=\"69e534823239c\"\n\t\t\t><div role=\"alert\" aria-live=\"polite\" class=\"forminator-response-message forminator-error\" aria-hidden=\"true\"><\/div><div class=\"forminator-row\"><div id=\"name-1\" class=\"forminator-field-name forminator-col forminator-col-12 \"><div class=\"forminator-field\"><label for=\"forminator-field-name-1_69e534823239c\" id=\"forminator-field-name-1_69e534823239c-label\" class=\"forminator-label\">Pr\u00e9nom <span class=\"forminator-required\">*<\/span><\/label><input type=\"text\" name=\"name-1\" value=\"\" placeholder=\"\" id=\"forminator-field-name-1_69e534823239c\" class=\"forminator-input forminator-name--field\" aria-required=\"true\" autocomplete=\"name\" \/><\/div><\/div><\/div><div class=\"forminator-row\"><div id=\"email-1\" class=\"forminator-field-email forminator-col forminator-col-12 \"><div class=\"forminator-field\"><label for=\"forminator-field-email-1_69e534823239c\" id=\"forminator-field-email-1_69e534823239c-label\" class=\"forminator-label\">Adresse de messagerie <span class=\"forminator-required\">*<\/span><\/label><input type=\"email\" name=\"email-1\" value=\"\" placeholder=\"\" id=\"forminator-field-email-1_69e534823239c\" class=\"forminator-input forminator-email--field\" data-required=\"true\" aria-required=\"true\" autocomplete=\"email\" \/><\/div><\/div><\/div><input type=\"hidden\" name=\"referer_url\" value=\"\" \/><div class=\"forminator-row forminator-row-last\"><div class=\"forminator-col\"><div class=\"forminator-field\"><button class=\"forminator-button forminator-button-submit\">Recevoir le programme d&eacute;taill&eacute;<\/button><\/div><\/div><\/div><input type=\"hidden\" id=\"forminator_nonce\" name=\"forminator_nonce\" value=\"edc70f06c4\" \/><input type=\"hidden\" name=\"_wp_http_referer\" value=\"\/index.php\/wp-json\/wp\/v2\/pages\/520\" \/><input type=\"hidden\" name=\"form_id\" value=\"516\"><input type=\"hidden\" name=\"page_id\" value=\"520\"><input type=\"hidden\" name=\"form_type\" value=\"default\"><input type=\"hidden\" name=\"current_url\" value=\"https:\/\/shantibloom.com\/index.php\/recevoir-le-programme-detaille-nepal-2026\/\"><input type=\"hidden\" name=\"render_id\" value=\"0\"><input type=\"hidden\" name=\"action\" value=\"forminator_submit_form_custom-forms\"><\/form><\/div>\n","protected":false},"excerpt":{"rendered":"","protected":false},"author":1,"featured_media":0,"parent":0,"menu_order":0,"comment_status":"closed","ping_status":"closed","template":"","meta":{"footnotes":""},"class_list":["post-520","page","type-page","status-publish","hentry"],"yoast_head":"<!-- This site is optimized with the Yoast SEO plugin v27.4 - https:\/\/yoast.com\/product\/yoast-seo-wordpress\/ -->\n<title>Recevoir le programme d\u00e9taill\u00e9 N\u00e9pal 2026 - Shanti Bloom<\/title>\n<meta name=\"robots\" content=\"index, follow, max-snippet:-1, max-image-preview:large, max-video-preview:-1\" \/>\n<link rel=\"canonical\" href=\"https:\/\/shantibloom.com\/index.php\/recevoir-le-programme-detaille-nepal-2026\/\" \/>\n<meta property=\"og:locale\" content=\"fr_FR\" \/>\n<meta property=\"og:type\" content=\"article\" \/>\n<meta property=\"og:title\" content=\"Recevoir le programme d\u00e9taill\u00e9 N\u00e9pal 2026 - Shanti Bloom\" \/>\n<meta property=\"og:url\" content=\"https:\/\/shantibloom.com\/index.php\/recevoir-le-programme-detaille-nepal-2026\/\" \/>\n<meta property=\"og:site_name\" content=\"Shanti Bloom\" \/>\n<meta property=\"article:publisher\" content=\"https:\/\/www.facebook.com\/105656029082699?ref=embed_page\" \/>\n<meta property=\"article:modified_time\" content=\"2026-04-05T16:43:11+00:00\" \/>\n<meta name=\"twitter:card\" content=\"summary_large_image\" \/>\n<meta name=\"twitter:label1\" content=\"Dur\u00e9e de lecture estim\u00e9e\" \/>\n\t<meta name=\"twitter:data1\" content=\"1 minute\" \/>\n<script type=\"application\/ld+json\" class=\"yoast-schema-graph\">{\"@context\":\"https:\\\/\\\/schema.org\",\"@graph\":[{\"@type\":\"WebPage\",\"@id\":\"https:\\\/\\\/shantibloom.com\\\/index.php\\\/recevoir-le-programme-detaille-nepal-2026\\\/\",\"url\":\"https:\\\/\\\/shantibloom.com\\\/index.php\\\/recevoir-le-programme-detaille-nepal-2026\\\/\",\"name\":\"Recevoir le programme d\u00e9taill\u00e9 N\u00e9pal 2026 - Shanti Bloom\",\"isPartOf\":{\"@id\":\"https:\\\/\\\/shantibloom.com\\\/#website\"},\"datePublished\":\"2026-04-05T16:43:10+00:00\",\"dateModified\":\"2026-04-05T16:43:11+00:00\",\"breadcrumb\":{\"@id\":\"https:\\\/\\\/shantibloom.com\\\/index.php\\\/recevoir-le-programme-detaille-nepal-2026\\\/#breadcrumb\"},\"inLanguage\":\"fr-FR\",\"potentialAction\":[{\"@type\":\"ReadAction\",\"target\":[\"https:\\\/\\\/shantibloom.com\\\/index.php\\\/recevoir-le-programme-detaille-nepal-2026\\\/\"]}]},{\"@type\":\"BreadcrumbList\",\"@id\":\"https:\\\/\\\/shantibloom.com\\\/index.php\\\/recevoir-le-programme-detaille-nepal-2026\\\/#breadcrumb\",\"itemListElement\":[{\"@type\":\"ListItem\",\"position\":1,\"name\":\"Accueil\",\"item\":\"https:\\\/\\\/shantibloom.com\\\/\"},{\"@type\":\"ListItem\",\"position\":2,\"name\":\"Recevoir le programme d\u00e9taill\u00e9 N\u00e9pal 2026\"}]},{\"@type\":\"WebSite\",\"@id\":\"https:\\\/\\\/shantibloom.com\\\/#website\",\"url\":\"https:\\\/\\\/shantibloom.com\\\/\",\"name\":\"Shanti Bloom\",\"description\":\"Le chemin vers votre paix int\u00e9rieure\",\"publisher\":{\"@id\":\"https:\\\/\\\/shantibloom.com\\\/#organization\"},\"potentialAction\":[{\"@type\":\"SearchAction\",\"target\":{\"@type\":\"EntryPoint\",\"urlTemplate\":\"https:\\\/\\\/shantibloom.com\\\/?s={search_term_string}\"},\"query-input\":{\"@type\":\"PropertyValueSpecification\",\"valueRequired\":true,\"valueName\":\"search_term_string\"}}],\"inLanguage\":\"fr-FR\"},{\"@type\":\"Organization\",\"@id\":\"https:\\\/\\\/shantibloom.com\\\/#organization\",\"name\":\"Shanti Bloom\",\"url\":\"https:\\\/\\\/shantibloom.com\\\/\",\"logo\":{\"@type\":\"ImageObject\",\"inLanguage\":\"fr-FR\",\"@id\":\"https:\\\/\\\/shantibloom.com\\\/#\\\/schema\\\/logo\\\/image\\\/\",\"url\":\"https:\\\/\\\/shantibloom.com\\\/wp-content\\\/uploads\\\/2022\\\/08\\\/Logo.png\",\"contentUrl\":\"https:\\\/\\\/shantibloom.com\\\/wp-content\\\/uploads\\\/2022\\\/08\\\/Logo.png\",\"width\":1414,\"height\":689,\"caption\":\"Shanti Bloom\"},\"image\":{\"@id\":\"https:\\\/\\\/shantibloom.com\\\/#\\\/schema\\\/logo\\\/image\\\/\"},\"sameAs\":[\"https:\\\/\\\/www.facebook.com\\\/105656029082699?ref=embed_page\",\"https:\\\/\\\/www.instagram.com\\\/emishantibloom\\\/\"]}]}<\/script>\n<!-- \/ Yoast SEO plugin. -->","yoast_head_json":{"title":"Recevoir le programme d\u00e9taill\u00e9 N\u00e9pal 2026 - Shanti Bloom","robots":{"index":"index","follow":"follow","max-snippet":"max-snippet:-1","max-image-preview":"max-image-preview:large","max-video-preview":"max-video-preview:-1"},"canonical":"https:\/\/shantibloom.com\/index.php\/recevoir-le-programme-detaille-nepal-2026\/","og_locale":"fr_FR","og_type":"article","og_title":"Recevoir le programme d\u00e9taill\u00e9 N\u00e9pal 2026 - Shanti Bloom","og_url":"https:\/\/shantibloom.com\/index.php\/recevoir-le-programme-detaille-nepal-2026\/","og_site_name":"Shanti Bloom","article_publisher":"https:\/\/www.facebook.com\/105656029082699?ref=embed_page","article_modified_time":"2026-04-05T16:43:11+00:00","twitter_card":"summary_large_image","twitter_misc":{"Dur\u00e9e de lecture estim\u00e9e":"1 minute"},"schema":{"@context":"https:\/\/schema.org","@graph":[{"@type":"WebPage","@id":"https:\/\/shantibloom.com\/index.php\/recevoir-le-programme-detaille-nepal-2026\/","url":"https:\/\/shantibloom.com\/index.php\/recevoir-le-programme-detaille-nepal-2026\/","name":"Recevoir le programme d\u00e9taill\u00e9 N\u00e9pal 2026 - Shanti Bloom","isPartOf":{"@id":"https:\/\/shantibloom.com\/#website"},"datePublished":"2026-04-05T16:43:10+00:00","dateModified":"2026-04-05T16:43:11+00:00","breadcrumb":{"@id":"https:\/\/shantibloom.com\/index.php\/recevoir-le-programme-detaille-nepal-2026\/#breadcrumb"},"inLanguage":"fr-FR","potentialAction":[{"@type":"ReadAction","target":["https:\/\/shantibloom.com\/index.php\/recevoir-le-programme-detaille-nepal-2026\/"]}]},{"@type":"BreadcrumbList","@id":"https:\/\/shantibloom.com\/index.php\/recevoir-le-programme-detaille-nepal-2026\/#breadcrumb","itemListElement":[{"@type":"ListItem","position":1,"name":"Accueil","item":"https:\/\/shantibloom.com\/"},{"@type":"ListItem","position":2,"name":"Recevoir le programme d\u00e9taill\u00e9 N\u00e9pal 2026"}]},{"@type":"WebSite","@id":"https:\/\/shantibloom.com\/#website","url":"https:\/\/shantibloom.com\/","name":"Shanti Bloom","description":"Le chemin vers votre paix int\u00e9rieure","publisher":{"@id":"https:\/\/shantibloom.com\/#organization"},"potentialAction":[{"@type":"SearchAction","target":{"@type":"EntryPoint","urlTemplate":"https:\/\/shantibloom.com\/?s={search_term_string}"},"query-input":{"@type":"PropertyValueSpecification","valueRequired":true,"valueName":"search_term_string"}}],"inLanguage":"fr-FR"},{"@type":"Organization","@id":"https:\/\/shantibloom.com\/#organization","name":"Shanti Bloom","url":"https:\/\/shantibloom.com\/","logo":{"@type":"ImageObject","inLanguage":"fr-FR","@id":"https:\/\/shantibloom.com\/#\/schema\/logo\/image\/","url":"https:\/\/shantibloom.com\/wp-content\/uploads\/2022\/08\/Logo.png","contentUrl":"https:\/\/shantibloom.com\/wp-content\/uploads\/2022\/08\/Logo.png","width":1414,"height":689,"caption":"Shanti Bloom"},"image":{"@id":"https:\/\/shantibloom.com\/#\/schema\/logo\/image\/"},"sameAs":["https:\/\/www.facebook.com\/105656029082699?ref=embed_page","https:\/\/www.instagram.com\/emishantibloom\/"]}]}},"_links":{"self":[{"href":"https:\/\/shantibloom.com\/index.php\/wp-json\/wp\/v2\/pages\/520","targetHints":{"allow":["GET"]}}],"collection":[{"href":"https:\/\/shantibloom.com\/index.php\/wp-json\/wp\/v2\/pages"}],"about":[{"href":"https:\/\/shantibloom.com\/index.php\/wp-json\/wp\/v2\/types\/page"}],"author":[{"embeddable":true,"href":"https:\/\/shantibloom.com\/index.php\/wp-json\/wp\/v2\/users\/1"}],"replies":[{"embeddable":true,"href":"https:\/\/shantibloom.com\/index.php\/wp-json\/wp\/v2\/comments?post=520"}],"version-history":[{"count":1,"href":"https:\/\/shantibloom.com\/index.php\/wp-json\/wp\/v2\/pages\/520\/revisions"}],"predecessor-version":[{"id":522,"href":"https:\/\/shantibloom.com\/index.php\/wp-json\/wp\/v2\/pages\/520\/revisions\/522"}],"wp:attachment":[{"href":"https:\/\/shantibloom.com\/index.php\/wp-json\/wp\/v2\/media?parent=520"}],"curies":[{"name":"wp","href":"https:\/\/api.w.org\/{rel}","templated":true}]}}